{"id":704,"date":"2025-10-20T19:02:15","date_gmt":"2025-10-20T19:02:15","guid":{"rendered":"https:\/\/nutriformat.com\/?page_id=704"},"modified":"2025-10-20T19:12:37","modified_gmt":"2025-10-20T19:12:37","slug":"mentions-legales","status":"publish","type":"page","link":"https:\/\/nutriformat.com\/?page_id=704","title":{"rendered":"Mentions l\u00e9gales"},"content":{"rendered":"\t\t<div data-elementor-type=\"wp-page\" data-elementor-id=\"704\" class=\"elementor elementor-704\" data-elementor-post-type=\"page\">\n\t\t\t\t<div class=\"elementor-element elementor-element-df2ba0b e-flex e-con-boxed e-con e-parent\" data-id=\"df2ba0b\" data-element_type=\"container\" data-e-type=\"container\" data-settings=\"{&quot;background_background&quot;:&quot;classic&quot;}\">\n\t\t\t\t\t<div class=\"e-con-inner\">\n\t\t\t\t<div class=\"elementor-element elementor-element-4e15497 elementor-widget elementor-widget-heading\" data-id=\"4e15497\" data-element_type=\"widget\" data-e-type=\"widget\" data-widget_type=\"heading.default\">\n\t\t\t\t\t<h2 class=\"elementor-heading-title elementor-size-default\">Mentions l\u00e9gales<\/h2>\t\t\t\t<\/div>\n\t\t\t\t<div class=\"elementor-element elementor-element-ae5585a elementor-widget elementor-widget-text-editor\" data-id=\"ae5585a\" data-element_type=\"widget\" data-e-type=\"widget\" data-widget_type=\"text-editor.default\">\n\t\t\t\t\t\t\t\t\t<p data-start=\"277\" data-end=\"297\"><strong data-start=\"299\" data-end=\"318\" style=\"font-size: 1rem;\">\u00c9diteur du site<\/strong><\/p>\n<p data-start=\"299\" data-end=\"733\">NUTRIFORMAT\u2019<br data-start=\"333\" data-end=\"336\">Responsable : Manon CLAVIER<br data-start=\"363\" data-end=\"366\">Si\u00e8ge social : [adresse compl\u00e8te \u00e0 compl\u00e9ter] \u2013 France<br data-start=\"420\" data-end=\"423\">SIREN : [\u00e0 compl\u00e9ter]<br data-start=\"444\" data-end=\"447\">Forme juridique : [ex : Micro-entreprise \/ SAS \/ SARL]<br data-start=\"501\" data-end=\"504\">Capital social : [\u00e0 compl\u00e9ter si applicable]<br data-start=\"548\" data-end=\"551\">Code APE : [\u00e0 compl\u00e9ter]<br data-start=\"575\" data-end=\"578\">RCS : [ville d\u2019immatriculation]<br data-start=\"609\" data-end=\"612\">TVA intracommunautaire : [\u00e0 compl\u00e9ter si disponible]<br data-start=\"664\" data-end=\"667\">Site internet : <a href=\"https:\/\/nutriformat.com\" target=\"_new\" rel=\"noopener\" data-start=\"683\" data-end=\"733\">https:\/\/nutriformat.com<\/a><\/p>\n<p data-start=\"740\" data-end=\"816\"><strong data-start=\"740\" data-end=\"772\">Directrice de la publication<\/strong><br data-start=\"772\" data-end=\"775\">Manon CLAVIER, Fondatrice de Nutriformat\u2019<\/p>\n<p data-start=\"823\" data-end=\"981\"><strong data-start=\"823\" data-end=\"838\">H\u00e9bergement<\/strong><br data-start=\"838\" data-end=\"841\">Site h\u00e9berg\u00e9 par <strong data-start=\"858\" data-end=\"869\">OVH SAS<\/strong><br data-start=\"869\" data-end=\"872\">2 rue Kellermann \u2013 59100 Roubaix \u2013 France<br data-start=\"913\" data-end=\"916\">T\u00e9l. : 09 72 10 10 07<br data-start=\"937\" data-end=\"940\">Site : <a href=\"https:\/\/www.ovh.com\" target=\"_new\" rel=\"noopener\" data-start=\"947\" data-end=\"981\">www.ovh.com<\/a><\/p>\n<p data-start=\"988\" data-end=\"1261\"><strong data-start=\"988\" data-end=\"1016\">Propri\u00e9t\u00e9 intellectuelle<\/strong><br data-start=\"1016\" data-end=\"1019\">L\u2019ensemble du contenu pr\u00e9sent sur le site <a href=\"https:\/\/nutriformat.com\" target=\"_new\" rel=\"noopener\" data-start=\"1061\" data-end=\"1103\">nutriformat.com<\/a> (textes, images, vid\u00e9os, logos, \u00e9l\u00e9ments graphiques, ic\u00f4nes, logiciels, bases de donn\u00e9es, etc.) est prot\u00e9g\u00e9 par le <strong data-start=\"1219\" data-end=\"1258\">Code de la propri\u00e9t\u00e9 intellectuelle<\/strong>.<\/p>\n<p data-start=\"1263\" data-end=\"1482\">Toute reproduction, repr\u00e9sentation, modification, publication, transmission ou adaptation, totale ou partielle, du site ou de son contenu, sans autorisation \u00e9crite pr\u00e9alable de Nutriformat\u2019, est strictement interdite.<\/p>\n<p data-start=\"1484\" data-end=\"1698\">Toute utilisation non autoris\u00e9e du site ou de son contenu engage la responsabilit\u00e9 de son auteur et constitue une contrefa\u00e7on sanctionn\u00e9e par les articles L.335-2 et suivants du Code de la propri\u00e9t\u00e9 intellectuelle.<\/p>\n<p data-start=\"1705\" data-end=\"1941\"><strong data-start=\"1705\" data-end=\"1723\">Responsabilit\u00e9<\/strong><br data-start=\"1723\" data-end=\"1726\">Nutriformat\u2019 s\u2019efforce d\u2019assurer au mieux l\u2019exactitude et la mise \u00e0 jour des informations diffus\u00e9es sur le site <a href=\"https:\/\/nutriformat.com\" target=\"_new\" rel=\"noopener\" data-start=\"1838\" data-end=\"1880\">nutriformat.com<\/a>.<br data-start=\"1881\" data-end=\"1884\">Cependant, l\u2019\u00e9diteur ne saurait \u00eatre tenu responsable :<\/p>\n<ul data-start=\"1942\" data-end=\"2133\">\n<li data-start=\"1942\" data-end=\"1998\">\n<p data-start=\"1944\" data-end=\"1998\">d\u2019interruptions ou de dysfonctionnements techniques,<\/p>\n<\/li>\n<li data-start=\"1999\" data-end=\"2044\">\n<p data-start=\"2001\" data-end=\"2044\">d\u2019erreurs ou d\u2019omissions dans le contenu,<\/p>\n<\/li>\n<li data-start=\"2045\" data-end=\"2133\">\n<p data-start=\"2047\" data-end=\"2133\">de tout dommage direct ou indirect r\u00e9sultant de l\u2019acc\u00e8s ou de l\u2019utilisation du site.<\/p>\n<\/li>\n<\/ul>\n<p data-start=\"2135\" data-end=\"2271\">Des liens externes peuvent \u00eatre propos\u00e9s \u00e0 titre informatif. Nutriformat\u2019 d\u00e9cline toute responsabilit\u00e9 quant au contenu des sites tiers.<\/p>\n<p data-start=\"2278\" data-end=\"2544\"><strong data-start=\"2278\" data-end=\"2317\">Protection des donn\u00e9es personnelles<\/strong><br data-start=\"2317\" data-end=\"2320\">Les informations collect\u00e9es via les formulaires pr\u00e9sents sur le site sont destin\u00e9es \u00e0 un usage interne (gestion des demandes, suivi clients, etc.) et ne sont en aucun cas transmises \u00e0 des tiers sans consentement pr\u00e9alable.<\/p>\n<p data-start=\"2546\" data-end=\"2801\">Conform\u00e9ment au <strong data-start=\"2562\" data-end=\"2620\">R\u00e8glement G\u00e9n\u00e9ral sur la Protection des Donn\u00e9es (RGPD)<\/strong>, vous disposez d\u2019un droit d\u2019acc\u00e8s, de rectification et de suppression de vos donn\u00e9es personnelles.<br data-start=\"2719\" data-end=\"2722\">Pour exercer ces droits, vous pouvez \u00e9crire \u00e0 : <strong data-start=\"2770\" data-end=\"2801\">contact@nutriformat.com<\/strong><\/p>\n<p data-start=\"2808\" data-end=\"2923\"><strong data-start=\"2808\" data-end=\"2819\">Contact<\/strong><br data-start=\"2819\" data-end=\"2822\">Email :&nbsp;<span data-start=\"2770\" data-end=\"2801\" style=\"font-weight: bolder;\">contact@nutriformat.com<\/span><br data-start=\"2873\" data-end=\"2876\"><br><\/p>\t\t\t\t\t\t\t\t<\/div>\n\t\t\t\t\t<\/div>\n\t\t\t\t<\/div>\n\t\t\t\t<\/div>\n\t\t","protected":false},"excerpt":{"rendered":"<p>Mentions l\u00e9gales \u00c9diteur du site NUTRIFORMAT\u2019Responsable : Manon CLAVIERSi\u00e8ge social : [adresse compl\u00e8te \u00e0 compl\u00e9ter] \u2013 FranceSIREN : [\u00e0 compl\u00e9ter]Forme juridique : [ex : Micro-entreprise \/ SAS \/ SARL]Capital social : [\u00e0 compl\u00e9ter si applicable]Code APE : [\u00e0 compl\u00e9ter]RCS : [ville d\u2019immatriculation]TVA intracommunautaire : [\u00e0 compl\u00e9ter si disponible]Site internet : https:\/\/nutriformat.com Directrice de la publicationManon [&hellip;]<\/p>\n","protected":false},"author":1,"featured_media":0,"parent":0,"menu_order":0,"comment_status":"closed","ping_status":"closed","template":"","meta":{"footnotes":""},"class_list":["post-704","page","type-page","status-publish","hentry"],"_links":{"self":[{"href":"https:\/\/nutriformat.com\/index.php?rest_route=\/wp\/v2\/pages\/704","targetHints":{"allow":["GET"]}}],"collection":[{"href":"https:\/\/nutriformat.com\/index.php?rest_route=\/wp\/v2\/pages"}],"about":[{"href":"https:\/\/nutriformat.com\/index.php?rest_route=\/wp\/v2\/types\/page"}],"author":[{"embeddable":true,"href":"https:\/\/nutriformat.com\/index.php?rest_route=\/wp\/v2\/users\/1"}],"replies":[{"embeddable":true,"href":"https:\/\/nutriformat.com\/index.php?rest_route=%2Fwp%2Fv2%2Fcomments&post=704"}],"version-history":[{"count":14,"href":"https:\/\/nutriformat.com\/index.php?rest_route=\/wp\/v2\/pages\/704\/revisions"}],"predecessor-version":[{"id":725,"href":"https:\/\/nutriformat.com\/index.php?rest_route=\/wp\/v2\/pages\/704\/revisions\/725"}],"wp:attachment":[{"href":"https:\/\/nutriformat.com\/index.php?rest_route=%2Fwp%2Fv2%2Fmedia&parent=704"}],"curies":[{"name":"wp","href":"https:\/\/api.w.org\/{rel}","templated":true}]}}